{"id":13037,"date":"2021-11-02T13:49:46","date_gmt":"2021-11-02T11:49:46","guid":{"rendered":"https:\/\/nordicebv.info\/?page_id=13037"},"modified":"2024-11-05T13:42:18","modified_gmt":"2024-11-05T11:42:18","slug":"beef-publication","status":"publish","type":"page","link":"https:\/\/nordicebv.info\/da\/kodkvaeg\/beef-publication\/","title":{"rendered":"Renracet k\u00f8dkv\u00e6g"},"content":{"rendered":"<div class=\"grid-66 tablet-grid-66 mobile-grid-100 first-column\">\n<h2>Renracet k\u00f8dkv\u00e6g<\/h2>\n<p><strong>Avlsv\u00e6rdital for renracet k\u00f8dkv\u00e6g<\/strong><\/p>\n<p>NAV avlsv\u00e6rdital for renracede k\u00f8dkv\u00e6gstyre (b\u00e5de insemineringstyre og foldtyre) og hundyr er udgangspunktet for k\u00f8dkv\u00e6gsavleren n\u00e5r for\u00e6ldrene til n\u00e6ste generation af kalve skal v\u00e6lges. NAV beregner avlsv\u00e6rdital for fem racer (Aberdeen Angus, Charolais, Hereford, Limousin og Simmental). Der kan offentligg\u00f8res avlsv\u00e6rdital for op til 18 enkelt egenskaber og 7 sammensatte egenskaber for det enkelte dyr. Avlsv\u00e6rditallene offentligg\u00f8res n\u00e5r publiceringsreglerne er opfyldt.<\/p>\n<p>I november 2023 blev der tilf\u00f8jet ni nye racer (Blonde d&#8217;Aquitaine, Dansk Bl\u00e5kv\u00e6g, Dexter, Galloway, Grauvieh, Skotsk H\u00f8jland, Piemontes, Salers, Korthorn (k\u00f8d)) til NAVs renracet k\u00f8dkv\u00e6gsevaluering. For alle nye racerne offentligg\u00f8res alle delindekser og enkelt egenskaber, s\u00e5 frem publikationskravene er opfyldt.<\/p>\n<p>I november 2024 blev der introduceret beregning af genomiske avlsv\u00e6rdier ved hj\u00e6lp af single step metoden for v\u00e6kst- og slagteegenskaber for fem racer (Aberdeen Angus, Charolais, Hereford, Limousin og Simmental). Disse racer havde et tilstr\u00e6kkeligt antal dyr med genomisk information for at beregne p\u00e5lidelige genomiske avlsv\u00e6rdier. Genomiske avlsv\u00e6rdier for k\u00e6lvningsegenskaber bliver introduceret i 2025.<\/p>\n<p><strong>Egenskaber<\/strong><\/p>\n<p>De egenskaber, der indg\u00e5r i den nordiske avlsv\u00e6rdivurdering for renracet k\u00f8dkv\u00e6g er vist nedenfor. Nogle egenskaber har en selvst\u00e6ndig \u00f8konomisk v\u00e6rdi, mens andre inddrages for at \u00f8ge sikkerheden, da de har en avlsm\u00e6ssig sammenh\u00e6ng med de \u00f8konomisk vigtige egenskaber.<\/p>\n<ul>\n<li>Livskraft ved f\u00f8dsel og k\u00e6lvningens forl\u00f8b, henholdsvis 1. og senere k\u00e6lvninger (direkte\/maternel)\n<ul>\n<li>Kalvens overlevelse inden for de f\u00f8rste 24 timer efter k\u00e6lvning<\/li>\n<li>Vurdering af k\u00e6lvningens forl\u00f8b sammenlignet med andre k\u00e6lvninger i bes\u00e6tningen<\/li>\n<\/ul>\n<\/li>\n<li>F\u00f8dselsv\u00e6gt (direkte\/maternel)\n<ul>\n<li>Har en gunstig sammenh\u00e6ng med tilv\u00e6kst og en ugunstig sammenh\u00e6ng med kalvens evne til at blive f\u00f8dt<\/li>\n<\/ul>\n<\/li>\n<li>Tilv\u00e6kst f\u00f8r frav\u00e6nning (direkte\/maternel)\n<ul>\n<li>Tilv\u00e6kst fra f\u00f8dsel til frav\u00e6nning. Udtrykker b\u00e5de kalvens evne til at vokse og moderens evne til at tage sig af kalven<\/li>\n<\/ul>\n<\/li>\n<li>\u00c5rsv\u00e6gt (direkte\/maternel)\n<ul>\n<li>Udtrykker b\u00e5de kalvens evne til at vokse og moderens evne til at tage sig af kalven<\/li>\n<\/ul>\n<\/li>\n<li>Tilv\u00e6kst efter frav\u00e6nning\n<ul>\n<li>Tilv\u00e6kst fra frav\u00e6nning til et \u00e5rsalderen. Udtrykker kalvens evne til at vokse<\/li>\n<\/ul>\n<\/li>\n<li>Slagtetilv\u00e6kst\n<ul>\n<li>Tilv\u00e6kst fra f\u00f8dsel til slagtning. Udtrykker hovedsageligt kalvens evne til at vokse men ogs\u00e5 til en vis grad koens evne til at tage sig af kalven<\/li>\n<\/ul>\n<\/li>\n<li>Slagteform\n<ul>\n<li>Slagtekroppen klassificering p\u00e5 slagteriet (EUROP skalaen)<\/li>\n<\/ul>\n<\/li>\n<li>Fedme\n<ul>\n<li>Fedtlag p\u00e5 slagtekroppen registreret p\u00e5 slagteriet<\/li>\n<\/ul>\n<\/li>\n<\/ul>\n<p><strong>Sammensatte avlsv\u00e6rdital<\/strong><\/p>\n<p>Avlsv\u00e6rdital for enkelt egenskaber er sammenvejet i syv sammensatte avlsv\u00e6rdital med racespecifikke v\u00e6gte.<\/p>\n<ul>\n<li><strong>Produktion <\/strong>inkluderer V\u00e6kst og Slagtekvalitet.<\/li>\n<li><strong>V\u00e6kst <\/strong>inkluderer \u00c5rsv\u00e6gt, direkte og Slagtetilv\u00e6kst.<\/li>\n<li><strong>Slagtekvalitet <\/strong>inkluderer Slagteform og Fedme.<\/li>\n<li><strong>Funktion <\/strong>inkluderer K\u00e6lvning og M\u00e6lk.<\/li>\n<li><strong>K\u00e6lvning <\/strong>inkluderer\n<ul>\n<li>Forl\u00f8b, maternel, 1. k\u00e6lv.<\/li>\n<li>Forl\u00f8b, maternel, 2. og senere k\u00e6lv.<\/li>\n<li>Livskraft, maternel, 1. k\u00e6lv.<\/li>\n<li>Livskraft, maternel, 2. og senere k\u00e6lv.<\/li>\n<\/ul>\n<\/li>\n<li><strong>M\u00e6lk <\/strong>inkluderer Tilv\u00e6kst f\u00f8r frav\u00e6nning (maternel).<\/li>\n<li><strong>F\u00f8dsel <\/strong>inkluderer\n<ul>\n<li>Forl\u00f8b, direkte, 1. k\u00e6lv.<\/li>\n<li>Forl\u00f8b, direkte, 2. og senere k\u00e6lv.<\/li>\n<li>Livskraft, direkte, 1. k\u00e6lv.<\/li>\n<li>Livskraft, direkte, 2. og senere k\u00e6lv<\/li>\n<\/ul>\n<\/li>\n<\/ul>\n<p>Racespecifikke v\u00e6gte er vist i dokumentet <a href=\"https:\/\/nordicebv.info\/wp-content\/uploads\/2024\/03\/NAV-Beef-weights-for-subindices-DNK.pdf\">NAV avlsv\u00e6rdital for renracet k\u00f8dkv\u00e6g: Racespecifik v\u00e6gtning af enkelt egenskaber<\/a>.<\/p>\n<p><strong>Offentligg\u00f8relse af avlsv\u00e6rdital<\/strong><\/p>\n<p>Indenfor race er avlsv\u00e6rditallene standardiseret til en gennemsnit p\u00e5 100 og en spredning p\u00e5 10. For det enkelte dyr offentligg\u00f8res avlsv\u00e6rditallene, hvis det har en sikkerhed over 10 %, eller hvis dyret selv har en observation for den p\u00e5g\u00e6ldende egenskab eller mindst 5 afkom. Disse regler g\u00e6lder egenskabsvis. For de racer hvor indekser er beregnet p\u00e5 tv\u00e6rs af Danmark, Sverige og Finland, er basen en blanding af tyre og hundyr fra de tre lande, der er f\u00f8dt 5-9 \u00e5r f\u00f8r publiceringsdatoen og har et minimum af sikkerhed. Den genetiske base har et gennemsnit p\u00e5 100. Der beregnes avlsv\u00e6rdital fire gange om \u00e5ret (marts, april, juni og november).<\/p>\n<p>Avlsv\u00e6rdital for k\u00f8dkv\u00e6gsracerne kan findes p\u00e5 NAV\u2019s hjemmeside under <a href=\"https:\/\/nordic.mloy.fi\/NAVBeef\/\" target=\"_blank\" rel=\"noopener\">NAV s\u00f8gning p\u00e5 k\u00f8dkv\u00e6g<\/a>. S\u00f8gesiden indeholder avlsv\u00e6rdital for alle dyr som m\u00e5 publiceres. Det er muligt at frems\u00f8ge dyr indenfor den valgte race, og desuden er det muligt at ops\u00e6tte en r\u00e6kke valgfrie s\u00f8geparametre. Dermed kan du skr\u00e6ddersy s\u00f8gekriterierne til dine pr\u00e6ferencer. Det er ogs\u00e5 muligt at s\u00f8ge efter individuelle dyr eller deres afkom. Ud over avlsv\u00e6rditallene er der andre relevante informationer s\u00e5som opdr\u00e6tter, afstamning mm. p\u00e5 det enkelte dyr.<\/p>\n<p>Mere information:<\/p>\n<p><a href=\"https:\/\/nordicebv.info\/wp-content\/uploads\/2024\/11\/NAVssGBLUP_phase1.pdf\">Genomic breeding values for weight\/growth and carcass traits<\/a> (p\u00e5 engelsk)<\/p>\n<p><a href=\"https:\/\/nordicebv.info\/wp-content\/uploads\/2023\/12\/2023-12-05-threshold-for-introducing-genetic-evaluation-for-a-new-beef-breed_approved.pdf\">Criteria for introducing joint Nordic genetic evaluation for a beef breed<\/a> (p\u00e5 engelsk)<\/p>\n<p>Webinar om NAV s\u00f8gning p\u00e5 k\u00f8dkv\u00e6g: <a href=\"https:\/\/vimeo.com\/886412600?share=copy\" target=\"_blank\" rel=\"noopener\">recording<\/a> \u00a0<a href=\"https:\/\/nordicebv.info\/wp-content\/uploads\/2023\/11\/NAV-beef-webinar-17112023-TV.pdf\">PDF<\/a> (p\u00e5 engelsk)<\/p>\n<p><a href=\"https:\/\/nordicebv.info\/wp-content\/uploads\/2023\/11\/NAV-Purebred-beef-evaluation-for-other-breeds.pdf\">NAV Purebred beef evaluation for other breeds<\/a> (p\u00e5 engelsk)<\/p>\n<p><a href=\"https:\/\/nordicebv.info\/wp-content\/uploads\/2023\/03\/2023-03-01-Subindices_pbb_routine_implementation_final.pdf\">NAV subindices for purebred beef: within breed specific subindex weights<\/a> (p\u00e5 engelsk)<\/p>\n<\/div>\n<div class=\"grid-33 tablet-grid-33 mobile-grid-100 first-column\">\n<p><strong><a href=\"https:\/\/nordic.mloy.fi\/NAVBeef\/\" target=\"_blank\" rel=\"noopener\">NAV s\u00f8gning p\u00e5 k\u00f8dkv\u00e6g<\/a><\/strong><\/p>\n<p><strong><a href=\"https:\/\/nordicebv.info\/wp-content\/uploads\/2024\/03\/NAV-Beef-weights-for-subindices-DNK.pdf\">Racespecifik v\u00e6gtning af enkelt egenskaber<\/a><\/strong><\/p>\n<\/div>\n","protected":false},"excerpt":{"rendered":"<p>Renracet k\u00f8dkv\u00e6g Avlsv\u00e6rdital for renracet k\u00f8dkv\u00e6g NAV avlsv\u00e6rdital for renracede k\u00f8dkv\u00e6gstyre (b\u00e5de insemineringstyre og foldtyre) og hundyr er udgangspunktet for k\u00f8dkv\u00e6gsavleren n\u00e5r for\u00e6ldrene til n\u00e6ste generation af kalve skal v\u00e6lges. NAV beregner avlsv\u00e6rdital for fem racer (Aberdeen Angus, Charolais, Hereford, Limousin og Simmental). Der kan offentligg\u00f8res avlsv\u00e6rdital for op til 18 enkelt egenskaber og 7 &#8230; <a title=\"Renracet k\u00f8dkv\u00e6g\" class=\"read-more\" href=\"https:\/\/nordicebv.info\/da\/kodkvaeg\/beef-publication\/\" aria-label=\"Read more about Renracet k\u00f8dkv\u00e6g\">L\u00e6s Mere<\/a><\/p>\n","protected":false},"author":6,"featured_media":0,"parent":8170,"menu_order":0,"comment_status":"closed","ping_status":"closed","template":"","meta":{"_exactmetrics_skip_tracking":false,"_exactmetrics_sitenote_active":false,"_exactmetrics_sitenote_note":"","_exactmetrics_sitenote_category":0,"footnotes":""},"class_list":["post-13037","page","type-page","status-publish"],"aioseo_notices":[],"_links":{"self":[{"href":"https:\/\/nordicebv.info\/da\/wp-json\/wp\/v2\/pages\/13037","targetHints":{"allow":["GET"]}}],"collection":[{"href":"https:\/\/nordicebv.info\/da\/wp-json\/wp\/v2\/pages"}],"about":[{"href":"https:\/\/nordicebv.info\/da\/wp-json\/wp\/v2\/types\/page"}],"author":[{"embeddable":true,"href":"https:\/\/nordicebv.info\/da\/wp-json\/wp\/v2\/users\/6"}],"replies":[{"embeddable":true,"href":"https:\/\/nordicebv.info\/da\/wp-json\/wp\/v2\/comments?post=13037"}],"version-history":[{"count":30,"href":"https:\/\/nordicebv.info\/da\/wp-json\/wp\/v2\/pages\/13037\/revisions"}],"predecessor-version":[{"id":16099,"href":"https:\/\/nordicebv.info\/da\/wp-json\/wp\/v2\/pages\/13037\/revisions\/16099"}],"up":[{"embeddable":true,"href":"https:\/\/nordicebv.info\/da\/wp-json\/wp\/v2\/pages\/8170"}],"wp:attachment":[{"href":"https:\/\/nordicebv.info\/da\/wp-json\/wp\/v2\/media?parent=13037"}],"curies":[{"name":"wp","href":"https:\/\/api.w.org\/{rel}","templated":true}]}}